{"id":20,"date":"2025-01-23T07:19:53","date_gmt":"2025-01-23T07:19:53","guid":{"rendered":"https:\/\/cleanlines.dk\/?page_id=20"},"modified":"2025-01-27T13:16:15","modified_gmt":"2025-01-27T13:16:15","slug":"profil","status":"publish","type":"page","link":"https:\/\/cleanlines.dk\/?page_id=20","title":{"rendered":"Profil"},"content":{"rendered":"\n<style type=\"text\/css\" data-created_by=\"avia_inline_auto\" id=\"style-css-av-m69377vn-117898f8e153809e132b731711d5f59a\">\n.avia-section.av-m69377vn-117898f8e153809e132b731711d5f59a{\nbackground-repeat:no-repeat;\nbackground-image:url(https:\/\/cleanlines.dk\/wp-content\/uploads\/2025\/01\/Erhvervsrengoering-Naestved-2-stor.jpg);\nbackground-position:50% 50%;\nbackground-attachment:scroll;\n}\n.avia-section.av-m69377vn-117898f8e153809e132b731711d5f59a .av-section-color-overlay{\nopacity:0.5;\nbackground-color:#000000;\n}\n<\/style>\n<div id='av_section_1'  class='avia-section av-m69377vn-117898f8e153809e132b731711d5f59a main_color avia-section-huge avia-no-border-styling  avia-builder-el-0  el_before_av_one_full  avia-builder-el-first  avia-full-stretch avia-bg-style-scroll av-section-color-overlay-active container_wrap fullsize'  data-section-bg-repeat='stretch'><div class=\"av-section-color-overlay-wrap\"><div class=\"av-section-color-overlay\"><\/div><div class='container av-section-cont-open' ><main  role=\"main\" itemprop=\"mainContentOfPage\"  class='template-page content  av-content-full alpha units'><div class='post-entry post-entry-type-page post-entry-20'><div class='entry-content-wrapper clearfix'>\n<div class='flex_column_table av-9vcrg-bfec1d2c9634aacea4a18ba9a92beb3b sc-av_two_third av-equal-height-column-flextable'><div  class='flex_column av-9vcrg-bfec1d2c9634aacea4a18ba9a92beb3b av_two_third  avia-builder-el-1  el_before_av_one_third  avia-builder-el-first  first flex_column_table_cell av-equal-height-column av-align-middle  '     ><style type=\"text\/css\" data-created_by=\"avia_inline_auto\" id=\"style-css-av-m6937mxe-28e89a577fbc970b75525fa4c110bd5a\">\n#top .av-special-heading.av-m6937mxe-28e89a577fbc970b75525fa4c110bd5a{\npadding-bottom:10px;\ncolor:#ffffff;\n}\nbody .av-special-heading.av-m6937mxe-28e89a577fbc970b75525fa4c110bd5a .av-special-heading-tag .heading-char{\nfont-size:25px;\n}\n.av-special-heading.av-m6937mxe-28e89a577fbc970b75525fa4c110bd5a .special-heading-inner-border{\nborder-color:#ffffff;\n}\n.av-special-heading.av-m6937mxe-28e89a577fbc970b75525fa4c110bd5a .av-subheading{\nfont-size:15px;\n}\n\n@media only screen and (max-width: 479px){ \n#top #wrap_all .av-special-heading.av-m6937mxe-28e89a577fbc970b75525fa4c110bd5a .av-special-heading-tag{\nfont-size:28px;\n}\n}\n<\/style>\n<div  class='av-special-heading av-m6937mxe-28e89a577fbc970b75525fa4c110bd5a av-special-heading-h1 custom-color-heading blockquote modern-quote  avia-builder-el-2  avia-builder-el-no-sibling '><div class='av_custom_color av-subheading av-subheading_above'><p>\u2014 Kort om os \u2014<\/p>\n<\/div><h1 class='av-special-heading-tag '  itemprop=\"headline\"  >Om Cleanlines<\/h1><div class=\"special-heading-border\"><div class=\"special-heading-inner-border\"><\/div><\/div><\/div><\/div><div class='av-flex-placeholder'><\/div><div  class='flex_column av-9ds4g-4ab3db7c09d7d85c2a242b0836d2ca6b av_one_third  avia-builder-el-3  el_after_av_two_third  avia-builder-el-last  flex_column_table_cell av-equal-height-column av-align-middle  '     ><p><div  class='avia-button-wrap av-8lnmg-492350ba90713939fe6b45ef6578eac3-wrap avia-button-center  avia-builder-el-4  el_before_av_textblock  avia-builder-el-first '><a href='https:\/\/cleanlines.dk\/?page_id=22'  class='avia-button av-8lnmg-492350ba90713939fe6b45ef6578eac3 av-link-btn avia-icon_select-no avia-size-x-large avia-position-center avia-color-theme-color'   aria-label=\"Kontakt os\"><span class='avia_iconbox_title' >Kontakt os<\/span><\/a><\/div><br \/>\n\n<style type=\"text\/css\" data-created_by=\"avia_inline_auto\" id=\"style-css-av-87tpg-4e8695845abed484fd7c21a22035157a\">\n#top .av_textblock_section.av-87tpg-4e8695845abed484fd7c21a22035157a .avia_textblock{\nfont-size:12px;\ncolor:#ffffff;\n}\n<\/style>\n<section  class='av_textblock_section av-87tpg-4e8695845abed484fd7c21a22035157a '   itemscope=\"itemscope\" itemtype=\"https:\/\/schema.org\/CreativeWork\" ><div class='avia_textblock av_inherit_color'  itemprop=\"text\" ><p style=\"text-align: center;\">OG F\u00c5 MERE AT VIDE<\/p>\n<\/div><\/section><\/p><\/div><\/div><!--close column table wrapper. Autoclose: 1 --><\/div><\/div><\/main><!-- close content main element --><\/div><\/div><\/div><div id='after_section_1'  class='main_color av_default_container_wrap container_wrap fullsize'  ><div class='container av-section-cont-open' ><div class='template-page content  av-content-full alpha units'><div class='post-entry post-entry-type-page post-entry-20'><div class='entry-content-wrapper clearfix'><div class='flex_column_table av-2los-c8e07b741cb38a03ce5c1e38681edfcb sc-av_one_full av-equal-height-column-flextable'><div  class='flex_column av-2los-c8e07b741cb38a03ce5c1e38681edfcb av_one_full  avia-builder-el-6  el_after_av_section  el_before_av_one_half  avia-builder-el-first  first flex_column_table_cell av-equal-height-column av-align-middle  '     ><style type=\"text\/css\" data-created_by=\"avia_inline_auto\" id=\"style-css-av-m6938ql9-edf4843e0ab6c91985bd7254dfde8fb2\">\n#top .av-special-heading.av-m6938ql9-edf4843e0ab6c91985bd7254dfde8fb2{\npadding-bottom:10px;\nfont-size:65px;\n}\nbody .av-special-heading.av-m6938ql9-edf4843e0ab6c91985bd7254dfde8fb2 .av-special-heading-tag .heading-char{\nfont-size:25px;\n}\n#top #wrap_all .av-special-heading.av-m6938ql9-edf4843e0ab6c91985bd7254dfde8fb2 .av-special-heading-tag{\nfont-size:65px;\n}\n.av-special-heading.av-m6938ql9-edf4843e0ab6c91985bd7254dfde8fb2 .av-subheading{\nfont-size:15px;\n}\n\n@media only screen and (max-width: 479px){ \n#top #wrap_all .av-special-heading.av-m6938ql9-edf4843e0ab6c91985bd7254dfde8fb2 .av-special-heading-tag{\nfont-size:28px;\n}\n}\n\n@media only screen and (min-width: 480px) and (max-width: 767px){ \n#top #wrap_all .av-special-heading.av-m6938ql9-edf4843e0ab6c91985bd7254dfde8fb2 .av-special-heading-tag{\nfont-size:0.8em;\n}\n}\n<\/style>\n<div  class='av-special-heading av-m6938ql9-edf4843e0ab6c91985bd7254dfde8fb2 av-special-heading-h5 blockquote modern-quote modern-centered  avia-builder-el-7  avia-builder-el-no-sibling  av-inherit-size'><div class='av-subheading av-subheading_above'><p>\u2014 stabil og servicebevist stab af reng\u00f8ringsassistenter \u2014<\/p>\n<\/div><h5 class='av-special-heading-tag '  itemprop=\"headline\"  >Vi opfylder kundens \u00f8nsker og behov<\/h5><div class=\"special-heading-border\"><div class=\"special-heading-inner-border\"><\/div><\/div><\/div><\/div><\/div><!--close column table wrapper. Autoclose: 1 --><div  class='flex_column av-6obv8-9b93bdd5e406b0d34d696fd9683ef8f4 av_one_half  avia-builder-el-8  el_after_av_one_full  el_before_av_one_half  first flex_column_div  column-top-margin'     ><section  class='av_textblock_section av-6i7t0-f8118a4be8a9218b55669ceb35aaaf0e '   itemscope=\"itemscope\" itemtype=\"https:\/\/schema.org\/CreativeWork\" ><div class='avia_textblock'  itemprop=\"text\" ><p>Cleanlines er en servicevirksomhed, som siden 2002 har specialiseret sig i erhvervsreng\u00f8ring, med en m\u00e5ls\u00e6tning om at levere reng\u00f8ring af h\u00f8j, ensartet kvalitet til en konkurrencedygtig pris. Det skaber v\u00e6rdi for vores kunder, deres medarbejdere og g\u00e6ster.<\/p>\n<p>Kvalitet og personlig relation er vigtigt for os hos Cleanlines. Reng\u00f8ring af h\u00f8j kvalitet er med til at forbedre indeklimaet og giver et godt arbejdsmilj\u00f8. De personlige og faste relationer mellem kunden og os, giver tryghed ogs\u00e5 selvom at reng\u00f8ringen , prim\u00e6rt udf\u00f8res i nattetimerne og sj\u00e6ldent bem\u00e6rkes, giver det en tryghed at vide at det er det samme faste personale der kommer hver gang.<\/p>\n<p>Hos os bliver alle tilbud individuelt tilpasset vores kunder. Vi finder gennem vores erfaring p\u00e5 omr\u00e5det og jeres viden om brugen af jeres virksomheds lokaler, i f\u00e6lleskab frem til en individuel tilpasset l\u00f8sning af jeres reng\u00f8ringsbehov og udarbejder et tilbud derefter.<\/p>\n<\/div><\/section><\/div><\/p>\n<div  class='flex_column av-5tcz4-78bc37ebd459a3b83edce1b8f7648f71 av_one_half  avia-builder-el-10  el_after_av_one_half  el_before_av_section  avia-builder-el-last  flex_column_div  column-top-margin'     ><section  class='av_textblock_section av-m6939jde-3ba787cabd5e71a1b43508d824c95c45 '   itemscope=\"itemscope\" itemtype=\"https:\/\/schema.org\/CreativeWork\" ><div class='avia_textblock'  itemprop=\"text\" ><p>For at holde hjulene i gang og have mulighed for at opfylde kundens \u00f8nsker har vi selvf\u00f8lgelig en meget stabil og servicebevist stab af reng\u00f8ringsassistenter, som alle behersker dansk 100%, hvilket medf\u00f8rer, at der ikke opst\u00e5r nogle former for kommunikationsmisforst\u00e5elser.<\/p>\n<p>Ligeledes er alt vores personale selvf\u00f8lgelig i besiddelse af ren straffeattest \u2013 uanset om der er tale om konsulenter, inspekt\u00f8rer eller assistenter.<\/p>\n<p>Vi har kundekonsulenter, som hovedsageligt besk\u00e6ftiger sig med at lave tilbud til erhvervsdrivende, som m\u00e5tte \u00f8nske et s\u00e5dan, men som ogs\u00e5 efterf\u00f8lgende vil v\u00e6re kundens kontaktperson. P\u00e5 den m\u00e5de undg\u00e5s misforst\u00e5elser mellem den lovede service og den reelle udf\u00f8relse.<\/p>\n<\/div><\/section><\/div>\n<\/div><\/div><\/div><!-- close content main div --><\/div><\/div>\n<style type=\"text\/css\" data-created_by=\"avia_inline_auto\" id=\"style-css-av-5c9e0-d8d9bedd00ab3f916eeae8bf34996891\">\n.avia-section.av-5c9e0-d8d9bedd00ab3f916eeae8bf34996891{\nbackground-repeat:no-repeat;\nbackground-image:url(https:\/\/cleanlines.dk\/wp-content\/uploads\/2025\/01\/Erhvervsrengoering-Naestved-9-1030x701.jpg);\nbackground-position:50% 50%;\nbackground-attachment:scroll;\n}\n.avia-section.av-5c9e0-d8d9bedd00ab3f916eeae8bf34996891 .av-section-color-overlay{\nopacity:0.5;\nbackground-color:#000000;\n}\n<\/style>\n<div id='av_section_2'  class='avia-section av-5c9e0-d8d9bedd00ab3f916eeae8bf34996891 main_color avia-section-huge avia-no-border-styling  avia-builder-el-12  el_after_av_one_half  el_before_av_one_half  avia-full-stretch avia-bg-style-scroll av-section-color-overlay-active container_wrap fullsize'  data-section-bg-repeat='stretch'><div class=\"av-section-color-overlay-wrap\"><div class=\"av-section-color-overlay\"><\/div><div class='container av-section-cont-open' ><div class='template-page content  av-content-full alpha units'><div class='post-entry post-entry-type-page post-entry-20'><div class='entry-content-wrapper clearfix'>\n<div class='flex_column_table av-49rfk-e560d876d843650d061ec4245973675b sc-av_two_third av-equal-height-column-flextable'><div  class='flex_column av-49rfk-e560d876d843650d061ec4245973675b av_two_third  avia-builder-el-13  el_before_av_one_third  avia-builder-el-first  first flex_column_table_cell av-equal-height-column av-align-middle  '     ><style type=\"text\/css\" data-created_by=\"avia_inline_auto\" id=\"style-css-av-42e2s-538f6c4469be069c0e772a7a60f46821\">\n#top .av-special-heading.av-42e2s-538f6c4469be069c0e772a7a60f46821{\npadding-bottom:10px;\ncolor:#ffffff;\nfont-size:65px;\n}\nbody .av-special-heading.av-42e2s-538f6c4469be069c0e772a7a60f46821 .av-special-heading-tag .heading-char{\nfont-size:25px;\n}\n#top #wrap_all .av-special-heading.av-42e2s-538f6c4469be069c0e772a7a60f46821 .av-special-heading-tag{\nfont-size:65px;\n}\n.av-special-heading.av-42e2s-538f6c4469be069c0e772a7a60f46821 .special-heading-inner-border{\nborder-color:#ffffff;\n}\n.av-special-heading.av-42e2s-538f6c4469be069c0e772a7a60f46821 .av-subheading{\nfont-size:15px;\n}\n\n@media only screen and (max-width: 479px){ \n#top #wrap_all .av-special-heading.av-42e2s-538f6c4469be069c0e772a7a60f46821 .av-special-heading-tag{\nfont-size:28px;\n}\n}\n\n@media only screen and (min-width: 480px) and (max-width: 767px){ \n#top #wrap_all .av-special-heading.av-42e2s-538f6c4469be069c0e772a7a60f46821 .av-special-heading-tag{\nfont-size:0.8em;\n}\n}\n<\/style>\n<div  class='av-special-heading av-42e2s-538f6c4469be069c0e772a7a60f46821 av-special-heading-h5 custom-color-heading blockquote modern-quote  avia-builder-el-14  avia-builder-el-no-sibling  av-inherit-size'><div class='av_custom_color av-subheading av-subheading_above'><p>\u2014 Vil du vide mere? \u2014<\/p>\n<\/div><h5 class='av-special-heading-tag '  itemprop=\"headline\"  >Kontakt os for yderligere oplysninger <\/h5><div class=\"special-heading-border\"><div class=\"special-heading-inner-border\"><\/div><\/div><\/div><\/div><div class='av-flex-placeholder'><\/div><div  class='flex_column av-3992w-80af0bef635d486b956eda5430d52f7e av_one_third  avia-builder-el-15  el_after_av_two_third  avia-builder-el-last  flex_column_table_cell av-equal-height-column av-align-middle  '     ><p><div  class='avia-button-wrap av-2z13o-4686429b265d661d3efc318c4889fee4-wrap avia-button-center  avia-builder-el-16  el_before_av_textblock  avia-builder-el-first '><a href='https:\/\/cleanlines.dk\/?page_id=22'  class='avia-button av-2z13o-4686429b265d661d3efc318c4889fee4 av-link-btn avia-icon_select-no avia-size-x-large avia-position-center avia-color-theme-color'   aria-label=\"Kontakt os i dag\"><span class='avia_iconbox_title' >Kontakt os i dag<\/span><\/a><\/div><br \/>\n\n<style type=\"text\/css\" data-created_by=\"avia_inline_auto\" id=\"style-css-av-24zmc-3d6e2457f03098ef0baf3acdd5fe701a\">\n#top .av_textblock_section.av-24zmc-3d6e2457f03098ef0baf3acdd5fe701a .avia_textblock{\nfont-size:12px;\ncolor:#ffffff;\n}\n<\/style>\n<section  class='av_textblock_section av-24zmc-3d6e2457f03098ef0baf3acdd5fe701a '   itemscope=\"itemscope\" itemtype=\"https:\/\/schema.org\/CreativeWork\" ><div class='avia_textblock av_inherit_color'  itemprop=\"text\" ><p style=\"text-align: center;\">OG H\u00d8R MERE<\/p>\n<\/div><\/section><\/p><\/div><\/div><!--close column table wrapper. Autoclose: 1 --><\/div><\/div><\/div><!-- close content main div --><\/div><\/div><\/div><div id='after_section_2'  class='main_color av_default_container_wrap container_wrap fullsize'  ><div class='container av-section-cont-open' ><div class='template-page content  av-content-full alpha units'><div class='post-entry post-entry-type-page post-entry-20'><div class='entry-content-wrapper clearfix'><div class='flex_column_table av-1dtx4-acb442af5f7bf836c03a32c6854e8643 sc-av_one_half av-equal-height-column-flextable'>\n<style type=\"text\/css\" data-created_by=\"avia_inline_auto\" id=\"style-css-av-1dtx4-acb442af5f7bf836c03a32c6854e8643\">\n.flex_column.av-1dtx4-acb442af5f7bf836c03a32c6854e8643{\nwidth:45%;\nmargin-left:0;\n}\n#top .flex_column_table.av-equal-height-column-flextable.av-1dtx4-acb442af5f7bf836c03a32c6854e8643 .av-flex-placeholder{\nwidth:10%;\n}\n<\/style>\n<div  class='flex_column av-1dtx4-acb442af5f7bf836c03a32c6854e8643 av_one_half  avia-builder-el-18  el_after_av_section  el_before_av_one_half  avia-builder-el-first  first flex_column_table_cell av-equal-height-column av-align-top  '     ><p>\n<style type=\"text\/css\" data-created_by=\"avia_inline_auto\" id=\"style-css-av-m693b4fb-55b8011529fd725bb3fdfa72b17e38cb\">\n#top .av-special-heading.av-m693b4fb-55b8011529fd725bb3fdfa72b17e38cb{\npadding-bottom:10px;\n}\nbody .av-special-heading.av-m693b4fb-55b8011529fd725bb3fdfa72b17e38cb .av-special-heading-tag .heading-char{\nfont-size:25px;\n}\n.av-special-heading.av-m693b4fb-55b8011529fd725bb3fdfa72b17e38cb .av-subheading{\nfont-size:15px;\n}\n\n@media only screen and (max-width: 479px){ \n#top #wrap_all .av-special-heading.av-m693b4fb-55b8011529fd725bb3fdfa72b17e38cb .av-special-heading-tag{\nfont-size:28px;\n}\n}\n<\/style>\n<div  class='av-special-heading av-m693b4fb-55b8011529fd725bb3fdfa72b17e38cb av-special-heading-h2 blockquote modern-quote  avia-builder-el-19  el_before_av_textblock  avia-builder-el-first '><div class='av-subheading av-subheading_above'><p>\u2014 CLEANLINES \u2014<\/p>\n<\/div><h2 class='av-special-heading-tag '  itemprop=\"headline\"  >Speciale i erhvervsreng\u00f8ring<\/h2><div class=\"special-heading-border\"><div class=\"special-heading-inner-border\"><\/div><\/div><\/div><br \/>\n<section  class='av_textblock_section av-m693baqw-c537d32e2c0baec96b96dba95167ec0a '   itemscope=\"itemscope\" itemtype=\"https:\/\/schema.org\/CreativeWork\" ><div class='avia_textblock'  itemprop=\"text\" ><p>Hos Cleanlines er der altid sammenh\u00e6ng mellem pris og kvalitet, og vi v\u00e6lger altid den bedste reng\u00f8ringsl\u00f8sning til den specifikke opgave. Vi har mange \u00e5rs erfaring inden for god, ordentlig reng\u00f8ring, og vi er f\u00f8rst tilfredse, n\u00e5r kunden er tilfreds.<\/p>\n<p>Du er altid velkommen til at kontakte os hos Cleanlines, hvis du har sp\u00f8rgsm\u00e5l eller \u00f8nsker yderligere oplysninger om vores tilbud og services inden for erhvervsreng\u00f8ring. Vi st\u00e5r klar til at assistere jeres virksomhed!<\/p>\n<\/div><\/section><\/p><\/div><div class='av-flex-placeholder'><\/div>\n<style type=\"text\/css\" data-created_by=\"avia_inline_auto\" id=\"style-css-av-uytw-7b2924e10a345a828761d85f3aa1c0a5\">\n.flex_column.av-uytw-7b2924e10a345a828761d85f3aa1c0a5{\nwidth:45%;\nmargin-left:0;\n}\n#top .flex_column_table.av-equal-height-column-flextable.av-uytw-7b2924e10a345a828761d85f3aa1c0a5 .av-flex-placeholder{\nwidth:10%;\n}\n<\/style>\n<div  class='flex_column av-uytw-7b2924e10a345a828761d85f3aa1c0a5 av_one_half  avia-builder-el-21  el_after_av_one_half  avia-builder-el-last  flex_column_table_cell av-equal-height-column av-align-top  '     ><style type=\"text\/css\" data-created_by=\"avia_inline_auto\" id=\"style-css-av-m693buh6-6c0f11ac5bd5d74783c9db694cc108d9\">\n.avia-image-container.av-m693buh6-6c0f11ac5bd5d74783c9db694cc108d9 img.avia_image{\nbox-shadow:none;\n}\n.avia-image-container.av-m693buh6-6c0f11ac5bd5d74783c9db694cc108d9 .av-image-caption-overlay-center{\ncolor:#ffffff;\n}\n<\/style>\n<div  class='avia-image-container av-m693buh6-6c0f11ac5bd5d74783c9db694cc108d9 av-styling- avia-align-center  avia-builder-el-22  avia-builder-el-no-sibling  image-shadow'   itemprop=\"image\" itemscope=\"itemscope\" itemtype=\"https:\/\/schema.org\/ImageObject\" ><div class=\"avia-image-container-inner\"><div class=\"avia-image-overlay-wrap\"><img decoding=\"async\" fetchpriority=\"high\" class='wp-image-89 avia-img-lazy-loading-not-89 avia_image ' src=\"https:\/\/cleanlines.dk\/wp-content\/uploads\/2025\/01\/Erhvervsrengoering-Naestved-8.jpg\" alt='' title='Erhvervsrengoering-Naestved-8'  height=\"700\" width=\"900\"  itemprop=\"thumbnailUrl\" srcset=\"https:\/\/cleanlines.dk\/wp-content\/uploads\/2025\/01\/Erhvervsrengoering-Naestved-8.jpg 900w, https:\/\/cleanlines.dk\/wp-content\/uploads\/2025\/01\/Erhvervsrengoering-Naestved-8-300x233.jpg 300w, https:\/\/cleanlines.dk\/wp-content\/uploads\/2025\/01\/Erhvervsrengoering-Naestved-8-768x597.jpg 768w, https:\/\/cleanlines.dk\/wp-content\/uploads\/2025\/01\/Erhvervsrengoering-Naestved-8-705x548.jpg 705w\" sizes=\"(max-width: 900px) 100vw, 900px\" \/><\/div><\/div><\/div><\/div><\/div><!--close column table wrapper. Autoclose: 1 --><\/p>\n","protected":false},"excerpt":{"rendered":"","protected":false},"author":1,"featured_media":0,"parent":0,"menu_order":0,"comment_status":"closed","ping_status":"closed","template":"","meta":{"footnotes":""},"class_list":["post-20","page","type-page","status-publish","hentry"],"_links":{"self":[{"href":"https:\/\/cleanlines.dk\/index.php?rest_route=\/wp\/v2\/pages\/20","targetHints":{"allow":["GET"]}}],"collection":[{"href":"https:\/\/cleanlines.dk\/index.php?rest_route=\/wp\/v2\/pages"}],"about":[{"href":"https:\/\/cleanlines.dk\/index.php?rest_route=\/wp\/v2\/types\/page"}],"author":[{"embeddable":true,"href":"https:\/\/cleanlines.dk\/index.php?rest_route=\/wp\/v2\/users\/1"}],"replies":[{"embeddable":true,"href":"https:\/\/cleanlines.dk\/index.php?rest_route=%2Fwp%2Fv2%2Fcomments&post=20"}],"version-history":[{"count":3,"href":"https:\/\/cleanlines.dk\/index.php?rest_route=\/wp\/v2\/pages\/20\/revisions"}],"predecessor-version":[{"id":109,"href":"https:\/\/cleanlines.dk\/index.php?rest_route=\/wp\/v2\/pages\/20\/revisions\/109"}],"wp:attachment":[{"href":"https:\/\/cleanlines.dk\/index.php?rest_route=%2Fwp%2Fv2%2Fmedia&parent=20"}],"curies":[{"name":"wp","href":"https:\/\/api.w.org\/{rel}","templated":true}]}}