{"id":22,"date":"2025-01-23T07:20:15","date_gmt":"2025-01-23T07:20:15","guid":{"rendered":"https:\/\/cleanlines.dk\/?page_id=22"},"modified":"2025-01-27T13:16:47","modified_gmt":"2025-01-27T13:16:47","slug":"kontakt","status":"publish","type":"page","link":"https:\/\/cleanlines.dk\/?page_id=22","title":{"rendered":"Kontakt"},"content":{"rendered":"\n<style type=\"text\/css\" data-created_by=\"avia_inline_auto\" id=\"style-css-av-m693df9k-97bc4c514ae54ba84d297445e9071579\">\n.avia-section.av-m693df9k-97bc4c514ae54ba84d297445e9071579{\nbackground-repeat:no-repeat;\nbackground-image:url(https:\/\/cleanlines.dk\/wp-content\/uploads\/2025\/01\/Erhvervsrengoering-Naestved-9.jpg);\nbackground-position:50% 50%;\nbackground-attachment:scroll;\n}\n.avia-section.av-m693df9k-97bc4c514ae54ba84d297445e9071579 .av-section-color-overlay{\nopacity:0.5;\nbackground-color:#000000;\n}\n<\/style>\n<div id='av_section_1'  class='avia-section av-m693df9k-97bc4c514ae54ba84d297445e9071579 main_color avia-section-huge avia-no-border-styling  avia-builder-el-0  el_before_av_one_third  avia-builder-el-first  avia-full-stretch avia-bg-style-scroll av-section-color-overlay-active container_wrap fullsize'  data-section-bg-repeat='stretch'><div class=\"av-section-color-overlay-wrap\"><div class=\"av-section-color-overlay\"><\/div><div class='container av-section-cont-open' ><main  role=\"main\" itemprop=\"mainContentOfPage\"  class='template-page content  av-content-full alpha units'><div class='post-entry post-entry-type-page post-entry-22'><div class='entry-content-wrapper clearfix'>\n<div class='flex_column_table av-atnpu-a5d3187665f7ce5f88a4caa228d8d9b5 sc-av_two_third av-equal-height-column-flextable'><div  class='flex_column av-atnpu-a5d3187665f7ce5f88a4caa228d8d9b5 av_two_third  avia-builder-el-1  el_before_av_one_third  avia-builder-el-first  first flex_column_table_cell av-equal-height-column av-align-middle  '     ><style type=\"text\/css\" data-created_by=\"avia_inline_auto\" id=\"style-css-av-m693ee2n-bd68d28391a5821363442f062867bb77\">\n#top .av-special-heading.av-m693ee2n-bd68d28391a5821363442f062867bb77{\npadding-bottom:10px;\ncolor:#ffffff;\n}\nbody .av-special-heading.av-m693ee2n-bd68d28391a5821363442f062867bb77 .av-special-heading-tag .heading-char{\nfont-size:25px;\n}\n.av-special-heading.av-m693ee2n-bd68d28391a5821363442f062867bb77 .special-heading-inner-border{\nborder-color:#ffffff;\n}\n.av-special-heading.av-m693ee2n-bd68d28391a5821363442f062867bb77 .av-subheading{\nfont-size:15px;\n}\n\n@media only screen and (max-width: 479px){ \n#top #wrap_all .av-special-heading.av-m693ee2n-bd68d28391a5821363442f062867bb77 .av-special-heading-tag{\nfont-size:28px;\n}\n}\n<\/style>\n<div  class='av-special-heading av-m693ee2n-bd68d28391a5821363442f062867bb77 av-special-heading-h1 custom-color-heading blockquote modern-quote  avia-builder-el-2  avia-builder-el-no-sibling '><div class='av_custom_color av-subheading av-subheading_above'><p>\u2014 Vil du  vide mere?  \u2014<\/p>\n<\/div><h1 class='av-special-heading-tag '  itemprop=\"headline\"  >Kontakt os<\/h1><div class=\"special-heading-border\"><div class=\"special-heading-inner-border\"><\/div><\/div><\/div><\/div><div  class='flex_column av-aothm-6e28d4f4f8a5d5561698f43bb0632f29 av_one_third  avia-builder-el-3  el_after_av_two_third  avia-builder-el-last  first flex_column_div  column-top-margin'     ><p><div  class='avia-button-wrap av-m693dzp5-c5d8b400e24696aed0fe91153b605003-wrap avia-button-center  avia-builder-el-4  el_before_av_textblock  avia-builder-el-first '><a href='https:\/\/cleanlines.dk\/?page_id=20'  class='avia-button av-m693dzp5-c5d8b400e24696aed0fe91153b605003 av-link-btn avia-icon_select-no avia-size-x-large avia-position-center avia-color-theme-color'   aria-label=\"L\u00e6s mere om os\"><span class='avia_iconbox_title' >L\u00e6s mere om os<\/span><\/a><\/div><br \/>\n\n<style type=\"text\/css\" data-created_by=\"avia_inline_auto\" id=\"style-css-av-106y6-5fe54fd8d9146ae5b980743eea0d0d19\">\n#top .av_textblock_section.av-106y6-5fe54fd8d9146ae5b980743eea0d0d19 .avia_textblock{\nfont-size:12px;\ncolor:#ffffff;\n}\n<\/style>\n<section  class='av_textblock_section av-106y6-5fe54fd8d9146ae5b980743eea0d0d19 '   itemscope=\"itemscope\" itemtype=\"https:\/\/schema.org\/CreativeWork\" ><div class='avia_textblock av_inherit_color'  itemprop=\"text\" ><p style=\"text-align: center;\">OG F\u00c5 MERE AT VIDE<\/p>\n<\/div><\/section><\/p><\/div><\/div><\/div><\/main><!-- close content main element --><\/div><\/div><\/div><div id='after_section_1'  class='main_color av_default_container_wrap container_wrap fullsize'  ><div class='container av-section-cont-open' ><div class='template-page content  av-content-full alpha units'><div class='post-entry post-entry-type-page post-entry-22'><div class='entry-content-wrapper clearfix'><div  class='flex_column av-9ajou-31ad21d840cfa2de2cbcb20f4c6b850f av_one_third  avia-builder-el-6  el_after_av_section  el_before_av_two_third  avia-builder-el-first  first flex_column_div  '     ><p>\n<style type=\"text\/css\" data-created_by=\"avia_inline_auto\" id=\"style-css-av-m693fcqp-344cdcb054a950fffb8ebe86202bbb04\">\n#top .av-special-heading.av-m693fcqp-344cdcb054a950fffb8ebe86202bbb04{\npadding-bottom:10px;\n}\nbody .av-special-heading.av-m693fcqp-344cdcb054a950fffb8ebe86202bbb04 .av-special-heading-tag .heading-char{\nfont-size:25px;\n}\n.av-special-heading.av-m693fcqp-344cdcb054a950fffb8ebe86202bbb04 .av-subheading{\nfont-size:15px;\n}\n\n@media only screen and (max-width: 479px){ \n#top #wrap_all .av-special-heading.av-m693fcqp-344cdcb054a950fffb8ebe86202bbb04 .av-special-heading-tag{\nfont-size:28px;\n}\n}\n<\/style>\n<div  class='av-special-heading av-m693fcqp-344cdcb054a950fffb8ebe86202bbb04 av-special-heading-h2 blockquote modern-quote  avia-builder-el-7  el_before_av_textblock  avia-builder-el-first '><div class='av-subheading av-subheading_above'><p>\u2014 KONTAKT OS \u2014<\/p>\n<\/div><h2 class='av-special-heading-tag '  itemprop=\"headline\"  >Skriv til os<\/h2><div class=\"special-heading-border\"><div class=\"special-heading-inner-border\"><\/div><\/div><\/div><br \/>\n<section  class='av_textblock_section av-m693jndw-7de6c6ee55c39e75755b800d6e0b01ff '   itemscope=\"itemscope\" itemtype=\"https:\/\/schema.org\/CreativeWork\" ><div class='avia_textblock'  itemprop=\"text\" ><p>Du er altid velkommen til at kontakte os hos Cleanlines, hvis du har sp\u00f8rgsm\u00e5l eller \u00f8nsker yderligere oplysninger om vores tilbud og services inden for erhvervsreng\u00f8ring.<\/p>\n<p>Du kan enten ringe, udfylde kontaktformularen eller skrive til os p\u00e5 <a style=\"color: #000000;\" href=\"mailto:serviceselskabet@cleanlines.dk\">serviceselskabet@cleanlines.dk<\/a><\/p>\n<\/div><\/section><\/p><\/div><div  class='flex_column av-8fmyi-550e1bd24838dc6517e78c0da5694739 av_two_third  avia-builder-el-9  el_after_av_one_third  el_before_av_one_third  flex_column_div  '     ><form action=\"https:\/\/cleanlines.dk\/?page_id=22\" method=\"post\" data-fields-with-error=\"Found errors in the following field(s):\" class=\"avia_ajax_form av-form-labels-hidden   avia-builder-el-10  avia-builder-el-no-sibling   \" data-avia-form-id=\"1\" data-avia-redirect=''  aria-label='Kontakt formular' ><fieldset><p class='  first_form  form_element form_element_half' id='element_avia_1_1'><label for=\"avia_1_1\">Navn <abbr class=\"required\" title=\"required\">*<\/abbr><\/label> <input name=\"avia_1_1\" class=\"text_input is_empty\" type=\"text\" id=\"avia_1_1\" value=\"\"  placeholder='Navn*'\/><\/p><p class='  form_element form_element_half' id='element_avia_2_1'><label for=\"avia_2_1\">E-Mail <abbr class=\"required\" title=\"required\">*<\/abbr><\/label> <input name=\"avia_2_1\" class=\"text_input is_email\" type=\"text\" id=\"avia_2_1\" value=\"\"  placeholder='E-Mail*'\/><\/p><p class='  first_form  form_element form_fullwidth' id='element_avia_3_1'><label for=\"avia_3_1\">Emne <abbr class=\"required\" title=\"required\">*<\/abbr><\/label> <input name=\"avia_3_1\" class=\"text_input is_empty\" type=\"text\" id=\"avia_3_1\" value=\"\"  placeholder='Emne*'\/><\/p><p class='  first_form  form_element form_fullwidth av-last-visible-form-element' id='element_avia_4_1'><label for=\"avia_4_1\" class=\"textare_label hidden textare_label_avia_4_1\">Besked <abbr class=\"required\" title=\"required\">*<\/abbr><\/label><textarea  placeholder='Besked*' name=\"avia_4_1\" class=\"text_area is_empty\" cols=\"40\" rows=\"7\" id=\"avia_4_1\" ><\/textarea><\/p><p class=\"hidden\"><input type=\"text\" name=\"avia_5_1\" class=\"hidden \" id=\"avia_5_1\" value=\"\" \/><\/p><p class=\"form_element \"><input type=\"hidden\" value=\"1\" name=\"avia_generated_form1\" \/><input type=\"submit\" value=\"Send besked\" class=\"button\"  data-sending-label=\"Sending\"\/><\/p><\/fieldset><\/form><div id=\"ajaxresponse_1\" class=\"ajaxresponse ajaxresponse_1 hidden\"><\/div><\/div><\/p>\n<div  class='flex_column av-8kcm-957741ef6e52a512f87c3d006be7b418 av_one_third  avia-builder-el-11  el_after_av_two_third  el_before_av_one_third  first flex_column_div  column-top-margin'     ><section  class='av_textblock_section av-m693l1fw-f5c2e5a9457781d360b2304157b641df '   itemscope=\"itemscope\" itemtype=\"https:\/\/schema.org\/CreativeWork\" ><div class='avia_textblock'  itemprop=\"text\" ><p style=\"text-align: center;\"><strong>\u2014Adresse \u2014<\/strong><\/p>\n<p style=\"text-align: center;\">Birkedommervej 16<br \/>\n4690 Haslev<\/p>\n<\/div><\/section><\/div>\n<div  class='flex_column av-1qwg2-ad41a9bb95bdd4df98d76c5f91c88dd4 av_one_third  avia-builder-el-13  el_after_av_one_third  el_before_av_one_third  flex_column_div  column-top-margin'     ><section  class='av_textblock_section av-m693m1bo-655063fe89507ebb62d3c460d651cc11 '   itemscope=\"itemscope\" itemtype=\"https:\/\/schema.org\/CreativeWork\" ><div class='avia_textblock'  itemprop=\"text\" ><p style=\"text-align: center;\"><strong>\u2014 Telefon \u2014<\/strong><\/p>\n<p style=\"text-align: center;\">Ring til os p\u00e5<br \/>\n<span style=\"color: #000000;\"><a style=\"color: #000000;\" href=\"tel:+4520973157\">(+45) 20 97 31 57<\/a><\/span><\/p>\n<\/div><\/section><\/div>\n<div  class='flex_column av-pv1a-120b6c1afef6e5ef84c3f3a11111b9df av_one_third  avia-builder-el-15  el_after_av_one_third  el_before_av_section  avia-builder-el-last  flex_column_div  column-top-margin'     ><section  class='av_textblock_section av-m693ms64-7c6405aad61dffc8d860bcada16a2755 '   itemscope=\"itemscope\" itemtype=\"https:\/\/schema.org\/CreativeWork\" ><div class='avia_textblock'  itemprop=\"text\" ><p style=\"text-align: center;\"><strong>\u2014Andet \u2014<\/strong><\/p>\n<p style=\"text-align: center;\">Vores CVR-nr.:<br \/>\n33189389<\/p>\n<\/div><\/section><\/div>\n<\/div><\/div><\/div><!-- close content main div --><\/div><\/div><div id='av_section_2'  class='avia-section av-79cta-04b846cd00851be37803abd4ee2be5cc main_color avia-section-no-padding avia-no-border-styling  avia-builder-el-17  el_after_av_one_third  avia-builder-el-last  gmap avia-bg-style-scroll container_wrap fullsize'  ><div class='container av-section-cont-open' ><div class='template-page content  av-content-full alpha units'><div class='post-entry post-entry-type-page post-entry-22'><div class='entry-content-wrapper clearfix'>\n\n\n","protected":false},"excerpt":{"rendered":"","protected":false},"author":1,"featured_media":0,"parent":0,"menu_order":0,"comment_status":"closed","ping_status":"closed","template":"","meta":{"footnotes":""},"class_list":["post-22","page","type-page","status-publish","hentry"],"_links":{"self":[{"href":"https:\/\/cleanlines.dk\/index.php?rest_route=\/wp\/v2\/pages\/22","targetHints":{"allow":["GET"]}}],"collection":[{"href":"https:\/\/cleanlines.dk\/index.php?rest_route=\/wp\/v2\/pages"}],"about":[{"href":"https:\/\/cleanlines.dk\/index.php?rest_route=\/wp\/v2\/types\/page"}],"author":[{"embeddable":true,"href":"https:\/\/cleanlines.dk\/index.php?rest_route=\/wp\/v2\/users\/1"}],"replies":[{"embeddable":true,"href":"https:\/\/cleanlines.dk\/index.php?rest_route=%2Fwp%2Fv2%2Fcomments&post=22"}],"version-history":[{"count":13,"href":"https:\/\/cleanlines.dk\/index.php?rest_route=\/wp\/v2\/pages\/22\/revisions"}],"predecessor-version":[{"id":110,"href":"https:\/\/cleanlines.dk\/index.php?rest_route=\/wp\/v2\/pages\/22\/revisions\/110"}],"wp:attachment":[{"href":"https:\/\/cleanlines.dk\/index.php?rest_route=%2Fwp%2Fv2%2Fmedia&parent=22"}],"curies":[{"name":"wp","href":"https:\/\/api.w.org\/{rel}","templated":true}]}}